{"id":26241,"date":"2023-09-14T22:36:40","date_gmt":"2023-09-14T22:36:40","guid":{"rendered":"https:\/\/web.algorex.ca\/?page_id=26241"},"modified":"2024-05-09T13:04:36","modified_gmt":"2024-05-09T13:04:36","slug":"lequipe-algorex","status":"publish","type":"page","link":"https:\/\/web.algorex.ca\/index.php\/lequipe-algorex\/","title":{"rendered":"Meet the team Fr"},"content":{"rendered":"<div class=\"wpb-content-wrapper\"><p>[vc_section full_width=&#8221;stretch_row_content&#8221; content_placement=&#8221;top&#8221; css=&#8221;.vc_custom_1693605444154{padding-top: 0px !important;background-color: #e8e8e8 !important;background-position: center !important;background-repeat: no-repeat !important;background-size: cover !important;}&#8221;][vc_row full_width=&#8221;stretch_row&#8221; css=&#8221;.vc_custom_1693605461153{padding-right: 40px !important;padding-left: 40px !important;}&#8221;][vc_column]<div class=\"clearboth\"><\/div><style>#thegem-divider-69df3ff183fd4 {margin-top: 50px !important;}<\/style><div id=\"thegem-divider-69df3ff183fd4\" class=\"gem-divider  \" style=\"\" ><\/div>[vc_column_text css=&#8221;.vc_custom_1694730788802{padding-right: 50px !important;padding-left: 75px !important;}&#8221;]<\/p>\n<h2 class=\"title-h2\" style=\"text-align: center;\"><span style=\"color: #2a3a97;\">NOTRE \u00c9QUIPE<\/span><\/h2>\n<p>[\/vc_column_text]<div class=\"clearboth\"><\/div><style>#thegem-divider-69df3ff184002 {margin-top: 50px !important;}<\/style><div id=\"thegem-divider-69df3ff184002\" class=\"gem-divider  \" style=\"\" ><\/div>[vc_row_inner][vc_column_inner width=&#8221;1\/5&#8243;][vc_single_image image=&#8221;25619&#8243; alignment=&#8221;center&#8221; style=&#8221;vc_box_shadow_border_circle&#8221;][vc_column_text]<\/p>\n<p style=\"text-align: center;\"><strong>Francis Charette<\/strong><br \/>\nPr\u00e9sident-directeur g\u00e9n\u00e9ral<\/p>\n<p>[\/vc_column_text][\/vc_column_inner][vc_column_inner width=&#8221;1\/5&#8243;][vc_single_image image=&#8221;26175&#8243; alignment=&#8221;center&#8221; style=&#8221;vc_box_shadow_border_circle&#8221;][vc_column_text]<\/p>\n<p style=\"text-align: center;\"><strong>Qing Qiu<\/strong><br \/>\nAnalyste num\u00e9rique<\/p>\n<p>[\/vc_column_text][\/vc_column_inner][vc_column_inner width=&#8221;1\/5&#8243;][vc_single_image image=&#8221;26283&#8243; alignment=&#8221;center&#8221; style=&#8221;vc_box_shadow_border_circle&#8221;][vc_column_text]<\/p>\n<p style=\"text-align: center;\"><strong>Kildare Jose Molina<\/strong><br \/>\nAnalyste num\u00e9rique<\/p>\n<p>[\/vc_column_text][\/vc_column_inner][vc_column_inner width=&#8221;1\/5&#8243;][vc_single_image image=&#8221;26174&#8243; alignment=&#8221;center&#8221; style=&#8221;vc_box_shadow_border_circle&#8221;][vc_column_text]<\/p>\n<p style=\"text-align: center;\"><strong>Eric Wong<\/strong><br \/>\nAnalyste num\u00e9rique<\/p>\n<p>[\/vc_column_text][\/vc_column_inner][vc_column_inner width=&#8221;1\/5&#8243;][vc_single_image image=&#8221;25623&#8243; alignment=&#8221;center&#8221; style=&#8221;vc_box_shadow_border_circle&#8221;][vc_column_text]<\/p>\n<p style=\"text-align: center;\"><strong>Mouhcine Laaroussi<\/strong><br \/>\nAnalyste num\u00e9rique<\/p>\n<p>[\/vc_column_text][\/vc_column_inner][\/vc_row_inner]<div class=\"clearboth\"><\/div><style>#thegem-divider-69df3ff184017 {margin-top: 100px !important;}<\/style><div id=\"thegem-divider-69df3ff184017\" class=\"gem-divider  \" style=\"\" ><\/div>[\/vc_column][\/vc_row][vc_row][vc_column][vc_column_text]<\/p>\n<h4 style=\"text-align: center;\">AVEC LE SOUTIEN DE NOS PARTENAIRES<\/h4>\n<p>[\/vc_column_text][\/vc_column][\/vc_row][vc_row][vc_column width=&#8221;1\/2&#8243;][vc_single_image image=&#8221;25628&#8243; img_size=&#8221;medium&#8221; alignment=&#8221;center&#8221;][vc_row_inner content_placement=&#8221;top&#8221; css=&#8221;.vc_custom_1693605177534{padding-top: 0px !important;padding-right: 20px !important;padding-left: 20px !important;}&#8221;][vc_column_inner width=&#8221;1\/2&#8243;][vc_single_image image=&#8221;25717&#8243; alignment=&#8221;center&#8221; style=&#8221;vc_box_shadow_border_circle&#8221;][vc_column_text]<\/p>\n<p style=\"text-align: center;\"><strong>Marc Savard<\/strong><br \/>\nChercheur principal s\u00e9chage du bois<\/p>\n<p>[\/vc_column_text][\/vc_column_inner][vc_column_inner width=&#8221;1\/2&#8243;][vc_single_image image=&#8221;25716&#8243; alignment=&#8221;center&#8221; style=&#8221;vc_box_shadow_border_circle&#8221;][vc_column_text]<\/p>\n<p style=\"text-align: center;\"><strong>Samuel Gendron<\/strong><br \/>\nChercheur s\u00e9chage du bois<\/p>\n<p>[\/vc_column_text][\/vc_column_inner][\/vc_row_inner]<div class=\"clearboth\"><\/div><style>#thegem-divider-69df3ff184027 {margin-top: 100px !important;}<\/style><div id=\"thegem-divider-69df3ff184027\" class=\"gem-divider  \" style=\"\" ><\/div>[\/vc_column][vc_column width=&#8221;1\/2&#8243;][vc_single_image image=&#8221;25644&#8243; img_size=&#8221;medium&#8221; alignment=&#8221;center&#8221;][\/vc_column][\/vc_row][\/vc_section]<\/p>\n<\/div>","protected":false},"excerpt":{"rendered":"<p>[vc_section full_width=&#8221;stretch_row_content&#8221; content_placement=&#8221;top&#8221; css=&#8221;.vc_custom_1693605444154{padding-top: 0px !important;background-color: #e8e8e8 !important;background-position: center !important;background-repeat: no-repeat !important;background-size: cover !important;}&#8221;][vc_row full_width=&#8221;stretch_row&#8221; css=&#8221;.vc_custom_1693605461153{padding-right: 40px !important;padding-left: 40px !important;}&#8221;][vc_column][vc_column_text&#8230;<\/p>\n","protected":false},"author":2,"featured_media":24692,"parent":0,"menu_order":0,"comment_status":"closed","ping_status":"closed","template":"","meta":{"footnotes":""},"class_list":["post-26241","page","type-page","status-publish","has-post-thumbnail"],"yoast_head":"<!-- This site is optimized with the Yoast SEO plugin v26.3 - https:\/\/yoast.com\/wordpress\/plugins\/seo\/ -->\r\n<title>Meet the team Fr -<\/title>\r\n<meta name=\"description\" content=\"D\u00e9couvrez comment l&#039;\u00e9quipe d&#039;Algorex utilise la data pour optimiser le s\u00e9chage du bois. Boostez votre productivit\u00e9.\" \/>\r\n<meta name=\"robots\" content=\"index, follow, max-snippet:-1, max-image-preview:large, max-video-preview:-1\" \/>\r\n<link rel=\"canonical\" href=\"https:\/\/web.algorex.ca\/index.php\/lequipe-algorex\/\" \/>\r\n<meta property=\"og:locale\" content=\"en_US\" \/>\r\n<meta property=\"og:type\" content=\"article\" \/>\r\n<meta property=\"og:title\" content=\"Meet the team Fr -\" \/>\r\n<meta property=\"og:description\" content=\"D\u00e9couvrez comment l&#039;\u00e9quipe d&#039;Algorex utilise la data pour optimiser le s\u00e9chage du bois. Boostez votre productivit\u00e9.\" \/>\r\n<meta property=\"og:url\" content=\"https:\/\/web.algorex.ca\/index.php\/lequipe-algorex\/\" \/>\r\n<meta property=\"article:modified_time\" content=\"2024-05-09T13:04:36+00:00\" \/>\r\n<meta property=\"og:image\" content=\"https:\/\/web.algorex.ca\/wp-content\/uploads\/2018\/12\/1-par-5.jpg\" \/>\r\n\t<meta property=\"og:image:width\" content=\"1920\" \/>\r\n\t<meta property=\"og:image:height\" content=\"750\" \/>\r\n\t<meta property=\"og:image:type\" content=\"image\/jpeg\" \/>\r\n<meta name=\"twitter:card\" content=\"summary_large_image\" \/>\r\n<meta name=\"twitter:label1\" content=\"Est. reading time\" \/>\n\t<meta name=\"twitter:data1\" content=\"1 minute\" \/>\r\n<script type=\"application\/ld+json\" class=\"yoast-schema-graph\">{\"@context\":\"https:\/\/schema.org\",\"@graph\":[{\"@type\":\"WebPage\",\"@id\":\"https:\/\/web.algorex.ca\/index.php\/lequipe-algorex\/\",\"url\":\"https:\/\/web.algorex.ca\/index.php\/lequipe-algorex\/\",\"name\":\"Meet the team Fr -\",\"isPartOf\":{\"@id\":\"https:\/\/web.algorex.ca\/#website\"},\"primaryImageOfPage\":{\"@id\":\"https:\/\/web.algorex.ca\/index.php\/lequipe-algorex\/#primaryimage\"},\"image\":{\"@id\":\"https:\/\/web.algorex.ca\/index.php\/lequipe-algorex\/#primaryimage\"},\"thumbnailUrl\":\"https:\/\/web.algorex.ca\/wp-content\/uploads\/2018\/12\/1-par-5.jpg\",\"datePublished\":\"2023-09-14T22:36:40+00:00\",\"dateModified\":\"2024-05-09T13:04:36+00:00\",\"description\":\"D\u00e9couvrez comment l'\u00e9quipe d'Algorex utilise la data pour optimiser le s\u00e9chage du bois. Boostez votre productivit\u00e9.\",\"breadcrumb\":{\"@id\":\"https:\/\/web.algorex.ca\/index.php\/lequipe-algorex\/#breadcrumb\"},\"inLanguage\":\"en-US\",\"potentialAction\":[{\"@type\":\"ReadAction\",\"target\":[\"https:\/\/web.algorex.ca\/index.php\/lequipe-algorex\/\"]}]},{\"@type\":\"ImageObject\",\"inLanguage\":\"en-US\",\"@id\":\"https:\/\/web.algorex.ca\/index.php\/lequipe-algorex\/#primaryimage\",\"url\":\"https:\/\/web.algorex.ca\/wp-content\/uploads\/2018\/12\/1-par-5.jpg\",\"contentUrl\":\"https:\/\/web.algorex.ca\/wp-content\/uploads\/2018\/12\/1-par-5.jpg\",\"width\":1920,\"height\":750},{\"@type\":\"BreadcrumbList\",\"@id\":\"https:\/\/web.algorex.ca\/index.php\/lequipe-algorex\/#breadcrumb\",\"itemListElement\":[{\"@type\":\"ListItem\",\"position\":1,\"name\":\"Home\",\"item\":\"https:\/\/web.algorex.ca\/\"},{\"@type\":\"ListItem\",\"position\":2,\"name\":\"Meet the team Fr\"}]},{\"@type\":\"WebSite\",\"@id\":\"https:\/\/web.algorex.ca\/#website\",\"url\":\"https:\/\/web.algorex.ca\/\",\"name\":\"https:\/\/web.algorex.ca\/\",\"description\":\"Algorex leverages the wood manufacturing process expertise of FPInnovations and the technological expertise of SPN, who have been providing digital solutions to monitor and optimize heavy industrial assets for decades.\",\"publisher\":{\"@id\":\"https:\/\/web.algorex.ca\/#organization\"},\"potentialAction\":[{\"@type\":\"SearchAction\",\"target\":{\"@type\":\"EntryPoint\",\"urlTemplate\":\"https:\/\/web.algorex.ca\/?s={search_term_string}\"},\"query-input\":{\"@type\":\"PropertyValueSpecification\",\"valueRequired\":true,\"valueName\":\"search_term_string\"}}],\"inLanguage\":\"en-US\"},{\"@type\":\"Organization\",\"@id\":\"https:\/\/web.algorex.ca\/#organization\",\"name\":\"Algorex\",\"url\":\"https:\/\/web.algorex.ca\/\",\"logo\":{\"@type\":\"ImageObject\",\"inLanguage\":\"en-US\",\"@id\":\"https:\/\/web.algorex.ca\/#\/schema\/logo\/image\/\",\"url\":\"https:\/\/web.algorex.ca\/wp-content\/uploads\/2023\/02\/Algorex-e1676398140856.png\",\"contentUrl\":\"https:\/\/web.algorex.ca\/wp-content\/uploads\/2023\/02\/Algorex-e1676398140856.png\",\"width\":2416,\"height\":854,\"caption\":\"Algorex\"},\"image\":{\"@id\":\"https:\/\/web.algorex.ca\/#\/schema\/logo\/image\/\"},\"sameAs\":[\"http:\/\/linkedin.com\/company\/algorex\"]}]}<\/script>\r\n<!-- \/ Yoast SEO plugin. -->","yoast_head_json":{"title":"Meet the team Fr -","description":"D\u00e9couvrez comment l'\u00e9quipe d'Algorex utilise la data pour optimiser le s\u00e9chage du bois. Boostez votre productivit\u00e9.","robots":{"index":"index","follow":"follow","max-snippet":"max-snippet:-1","max-image-preview":"max-image-preview:large","max-video-preview":"max-video-preview:-1"},"canonical":"https:\/\/web.algorex.ca\/index.php\/lequipe-algorex\/","og_locale":"en_US","og_type":"article","og_title":"Meet the team Fr -","og_description":"D\u00e9couvrez comment l'\u00e9quipe d'Algorex utilise la data pour optimiser le s\u00e9chage du bois. Boostez votre productivit\u00e9.","og_url":"https:\/\/web.algorex.ca\/index.php\/lequipe-algorex\/","article_modified_time":"2024-05-09T13:04:36+00:00","og_image":[{"width":1920,"height":750,"url":"https:\/\/web.algorex.ca\/wp-content\/uploads\/2018\/12\/1-par-5.jpg","type":"image\/jpeg"}],"twitter_card":"summary_large_image","twitter_misc":{"Est. reading time":"1 minute"},"schema":{"@context":"https:\/\/schema.org","@graph":[{"@type":"WebPage","@id":"https:\/\/web.algorex.ca\/index.php\/lequipe-algorex\/","url":"https:\/\/web.algorex.ca\/index.php\/lequipe-algorex\/","name":"Meet the team Fr -","isPartOf":{"@id":"https:\/\/web.algorex.ca\/#website"},"primaryImageOfPage":{"@id":"https:\/\/web.algorex.ca\/index.php\/lequipe-algorex\/#primaryimage"},"image":{"@id":"https:\/\/web.algorex.ca\/index.php\/lequipe-algorex\/#primaryimage"},"thumbnailUrl":"https:\/\/web.algorex.ca\/wp-content\/uploads\/2018\/12\/1-par-5.jpg","datePublished":"2023-09-14T22:36:40+00:00","dateModified":"2024-05-09T13:04:36+00:00","description":"D\u00e9couvrez comment l'\u00e9quipe d'Algorex utilise la data pour optimiser le s\u00e9chage du bois. Boostez votre productivit\u00e9.","breadcrumb":{"@id":"https:\/\/web.algorex.ca\/index.php\/lequipe-algorex\/#breadcrumb"},"inLanguage":"en-US","potentialAction":[{"@type":"ReadAction","target":["https:\/\/web.algorex.ca\/index.php\/lequipe-algorex\/"]}]},{"@type":"ImageObject","inLanguage":"en-US","@id":"https:\/\/web.algorex.ca\/index.php\/lequipe-algorex\/#primaryimage","url":"https:\/\/web.algorex.ca\/wp-content\/uploads\/2018\/12\/1-par-5.jpg","contentUrl":"https:\/\/web.algorex.ca\/wp-content\/uploads\/2018\/12\/1-par-5.jpg","width":1920,"height":750},{"@type":"BreadcrumbList","@id":"https:\/\/web.algorex.ca\/index.php\/lequipe-algorex\/#breadcrumb","itemListElement":[{"@type":"ListItem","position":1,"name":"Home","item":"https:\/\/web.algorex.ca\/"},{"@type":"ListItem","position":2,"name":"Meet the team Fr"}]},{"@type":"WebSite","@id":"https:\/\/web.algorex.ca\/#website","url":"https:\/\/web.algorex.ca\/","name":"https:\/\/web.algorex.ca\/","description":"Algorex leverages the wood manufacturing process expertise of FPInnovations and the technological expertise of SPN, who have been providing digital solutions to monitor and optimize heavy industrial assets for decades.","publisher":{"@id":"https:\/\/web.algorex.ca\/#organization"},"potentialAction":[{"@type":"SearchAction","target":{"@type":"EntryPoint","urlTemplate":"https:\/\/web.algorex.ca\/?s={search_term_string}"},"query-input":{"@type":"PropertyValueSpecification","valueRequired":true,"valueName":"search_term_string"}}],"inLanguage":"en-US"},{"@type":"Organization","@id":"https:\/\/web.algorex.ca\/#organization","name":"Algorex","url":"https:\/\/web.algorex.ca\/","logo":{"@type":"ImageObject","inLanguage":"en-US","@id":"https:\/\/web.algorex.ca\/#\/schema\/logo\/image\/","url":"https:\/\/web.algorex.ca\/wp-content\/uploads\/2023\/02\/Algorex-e1676398140856.png","contentUrl":"https:\/\/web.algorex.ca\/wp-content\/uploads\/2023\/02\/Algorex-e1676398140856.png","width":2416,"height":854,"caption":"Algorex"},"image":{"@id":"https:\/\/web.algorex.ca\/#\/schema\/logo\/image\/"},"sameAs":["http:\/\/linkedin.com\/company\/algorex"]}]}},"_links":{"self":[{"href":"https:\/\/web.algorex.ca\/index.php\/wp-json\/wp\/v2\/pages\/26241","targetHints":{"allow":["GET"]}}],"collection":[{"href":"https:\/\/web.algorex.ca\/index.php\/wp-json\/wp\/v2\/pages"}],"about":[{"href":"https:\/\/web.algorex.ca\/index.php\/wp-json\/wp\/v2\/types\/page"}],"author":[{"embeddable":true,"href":"https:\/\/web.algorex.ca\/index.php\/wp-json\/wp\/v2\/users\/2"}],"replies":[{"embeddable":true,"href":"https:\/\/web.algorex.ca\/index.php\/wp-json\/wp\/v2\/comments?post=26241"}],"version-history":[{"count":6,"href":"https:\/\/web.algorex.ca\/index.php\/wp-json\/wp\/v2\/pages\/26241\/revisions"}],"predecessor-version":[{"id":26284,"href":"https:\/\/web.algorex.ca\/index.php\/wp-json\/wp\/v2\/pages\/26241\/revisions\/26284"}],"wp:featuredmedia":[{"embeddable":true,"href":"https:\/\/web.algorex.ca\/index.php\/wp-json\/wp\/v2\/media\/24692"}],"wp:attachment":[{"href":"https:\/\/web.algorex.ca\/index.php\/wp-json\/wp\/v2\/media?parent=26241"}],"curies":[{"name":"wp","href":"https:\/\/api.w.org\/{rel}","templated":true}]}}