{"id":26234,"date":"2023-09-14T22:02:37","date_gmt":"2023-09-14T22:02:37","guid":{"rendered":"https:\/\/web.algorex.ca\/?page_id=26234"},"modified":"2024-05-09T13:08:21","modified_gmt":"2024-05-09T13:08:21","slug":"kms-360-optimisation-du-sechage-du-bois","status":"publish","type":"page","link":"https:\/\/web.algorex.ca\/index.php\/kms-360-optimisation-du-sechage-du-bois\/","title":{"rendered":"KMS 360 Fr"},"content":{"rendered":"<div class=\"wpb-content-wrapper\"><p>[vc_section full_width=&#8221;stretch_row_content&#8221; full_height=&#8221;yes&#8221; content_placement=&#8221;top&#8221; css=&#8221;.vc_custom_1692996853930{padding-top: 0px !important;background-color: #e8e8e8 !important;}&#8221;][vc_row full_width=&#8221;stretch_row_content_no_spaces&#8221; equal_height=&#8221;yes&#8221;][vc_column width=&#8221;2\/3&#8243;]<div class=\"clearboth\"><\/div><style>#thegem-divider-69d489484cfae {margin-top: 80px !important;}<\/style><div id=\"thegem-divider-69d489484cfae\" class=\"gem-divider  \" style=\"\" ><\/div>[vc_column_text css=&#8221;.vc_custom_1692993869177{padding-right: 50px !important;padding-left: 75px !important;}&#8221;]<\/p>\n<div class=\"title-h2 title-xlarge\"><span style=\"color: #2a3a97;\">KMS 360<\/span><\/div>\n<p>[\/vc_column_text]<div class=\"clearboth\"><\/div><style>#thegem-divider-69d489484cfe2 {margin-top: 35px !important;}<\/style><div id=\"thegem-divider-69d489484cfe2\" class=\"gem-divider  \" style=\"\" ><\/div>[vc_column_text css=&#8221;.vc_custom_1694727981435{padding-right: 15px !important;padding-left: 75px !important;}&#8221;]<strong><span style=\"color: #ffffff;\"><span style=\"color: #333333;\">Algorex offre un service de surveillance et d\u2019optimisation des s\u00e9choirs pour bois r\u00e9sineux appel\u00e9 KMS 360, qui consiste en :<\/span><\/span><\/strong><\/p>\n<p><span style=\"color: #333333;\"><strong>\u2714 Surveillance en continu du proc\u00e9d\u00e9 (24\/7)<\/strong><\/span><br \/>\n<span style=\"color: #333333;\">\u25aa Analyse automatis\u00e9e, d\u00e9tection des anomalies et notifications<br \/>\n\u25aa Rapport hebdomadaire sur le rendement<\/span><\/p>\n<p><span style=\"color: #333333;\"><strong>\u2714 Revue et analyse d\u2019expert<\/strong><\/span><br \/>\n<span style=\"color: #333333;\">\u25aa Analyse des anomalies<br \/>\n\u25aa Rapport d\u2019incident accompagn\u00e9 de recommandations<\/span><\/p>\n<p><span style=\"color: #333333;\"><strong>\u2714 Aide d\u2019experts sur demande<\/strong><\/span><br \/>\n<span style=\"color: #333333;\">\u25aa Bo\u00eete \u00e0 outils analytiques sp\u00e9cialis\u00e9s<br \/>\n\u25aa Soutien et validation de la solution lors de sa mise en \u0153uvre<\/span>[\/vc_column_text]<div class=\"clearboth\"><\/div><style>#thegem-divider-69d489484d001 {margin-top: 80px !important;}<\/style><div id=\"thegem-divider-69d489484d001\" class=\"gem-divider  \" style=\"\" ><\/div>[\/vc_column][vc_column width=&#8221;1\/3&#8243; background_position_desktop=&#8221;center center&#8221; css=&#8221;.vc_custom_1694548689846{background-image: url(https:\/\/web.algorex.ca\/wp-content\/uploads\/2023\/08\/Francis-Charette-e1692994677102.jpg?id=25827) !important;background-position: center !important;background-repeat: no-repeat !important;background-size: contain !important;}&#8221;]<div class=\"clearboth\"><\/div><style>#thegem-divider-69d489484d01e {margin-top: 180px !important;}<\/style><div id=\"thegem-divider-69d489484d01e\" class=\"gem-divider  \" style=\"\" ><\/div>[vc_single_image image=&#8221;575&#8243; img_size=&#8221;full&#8221; alignment=&#8221;center&#8221; onclick=&#8221;custom_link&#8221; css_animation=&#8221;bottom-to-top&#8221; link=&#8221;javascript:;&#8221; el_class=&#8221;fancy&#8221; css=&#8221;.vc_custom_1584448622072{margin-bottom: 0px !important;}&#8221;][vc_raw_js]JTNDc2NyaXB0JTNFJTBBJTBBdmFyJTIwcmVhZHklMjAlM0QlMjAlMjhjYWxsYmFjayUyOSUyMCUzRCUzRSUyMCU3QiUwQSUwOWlmJTIwJTI4ZG9jdW1lbnQucmVhZHlTdGF0ZSUyMCUyMSUzRCUyMCUyMmxvYWRpbmclMjIlMjklMjBjYWxsYmFjayUyOCUyOSUzQiUwQSUwOWVsc2UlMjBkb2N1bWVudC5hZGRFdmVudExpc3RlbmVyJTI4JTIyRE9NQ29udGVudExvYWRlZCUyMiUyQyUyMGNhbGxiYWNrJTI5JTNCJTBBJTdEJTNCJTBBJTBBcmVhZHklMjglMjglMjklMjAlM0QlM0UlMjAlN0IlMEElMDlpZiUyMCUyOGRvY3VtZW50LnF1ZXJ5U2VsZWN0b3IlMjglMjIlMjN2Y19pbmxpbmUtZnJhbWUlMjIlMjklMjklMjByZXR1cm4lM0IlMEElMEElMDl2YXIlMjBlbGVtJTIwJTNEJTIwZG9jdW1lbnQucXVlcnlTZWxlY3RvciUyOCUyMi5mYW5jeSUyMGElMjIlMjklM0IlMEElMDllbGVtLnNldEF0dHJpYnV0ZSUyOCUyN2RhdGEtZmFuY3lib3glMjclMkMlMjAlMjclMjclMjklM0IlMEElMDklMEElMDllbGVtLnNldEF0dHJpYnV0ZSUyOCUyN2RhdGEtc3JjJTI3JTJDJTIwJTI3aHR0cHMlM0ElMkYlMkZ3d3cueW91dHViZS5jb20lMkZ3YXRjaCUzRnYlM0RGVnNZZDRIS0lHcyUyNnQlM0QycyUyNyUyOSUzQiUwQSU3RCUyOSUzQiUwQSUwQSUzQyUyRnNjcmlwdCUzRQ==[\/vc_raw_js]<div class=\"clearboth\"><\/div><style>#thegem-divider-69d489484d039 {margin-top: 175px !important;}<\/style><div id=\"thegem-divider-69d489484d039\" class=\"gem-divider  \" style=\"\" ><\/div>[\/vc_column][\/vc_row][\/vc_section][vc_section full_width=&#8221;stretch_row_content&#8221; css=&#8221;.vc_custom_1692996822666{margin-top: 0px !important;border-top-width: 0px !important;padding-top: 0px !important;}&#8221;][vc_row full_width=&#8221;stretch_row_content_no_spaces&#8221; equal_height=&#8221;yes&#8221; thegem_revesrse_columns_mobile=&#8221;true&#8221;][vc_column width=&#8221;2\/5&#8243; background_position_desktop=&#8221;center center&#8221; css=&#8221;.vc_custom_1694191306761{background-image: url(https:\/\/web.algorex.ca\/wp-content\/uploads\/2023\/08\/David-Hamel&#8211;e1692995278475.jpg?id=25833) !important;background-position: center !important;background-repeat: no-repeat !important;background-size: cover !important;}&#8221;]<div class=\"clearboth\"><\/div><style>#thegem-divider-69d489484d052 {margin-top: 75px !important;}<\/style><div id=\"thegem-divider-69d489484d052\" class=\"gem-divider  \" style=\"\" ><\/div>[vc_single_image image=&#8221;575&#8243; img_size=&#8221;full&#8221; alignment=&#8221;center&#8221; onclick=&#8221;custom_link&#8221; img_link_target=&#8221;_blank&#8221; css_animation=&#8221;bottom-to-top&#8221; link=&#8221;javascript:;&#8221; css=&#8221;.vc_custom_1694206756903{margin-bottom: 0px !important;}&#8221; el_class=&#8221;pancy&#8221;][vc_raw_js]JTNDc2NyaXB0JTNFJTIwJTBBJTBBdmFyJTIwcmVhZHklMjAlM0QlMjAlMjhjYWxsYmFjayUyOSUyMCUzRCUzRSUyMCU3QiUwQSUwOWlmJTIwJTI4ZG9jdW1lbnQucmVhZHlTdGF0ZSUyMCUyMSUzRCUyMCUyMmxvYWRpbmclMjIlMjklMjBjYWxsYmFjayUyOCUyOSUzQiUwQSUwOWVsc2UlMjBkb2N1bWVudC5hZGRFdmVudExpc3RlbmVyJTI4JTIyRE9NQ29udGVudExvYWRlZCUyMiUyQyUyMGNhbGxiYWNrJTI5JTNCJTBBJTdEJTNCJTBBJTBBcmVhZHklMjglMjglMjklMjAlM0QlM0UlMjAlN0IlMEElMDlpZiUyMCUyOGRvY3VtZW50LnF1ZXJ5U2VsZWN0b3IlMjglMjIlMjN2Y19pbmxpbmUtZnJhbWUlMjIlMjklMjklMjByZXR1cm4lM0IlMEElMEElMDl2YXIlMjBlbGVtJTIwJTNEJTIwZG9jdW1lbnQucXVlcnlTZWxlY3RvciUyOCUyMi5wYW5jeSUyMGElMjIlMjklM0IlMEElMDllbGVtLnNldEF0dHJpYnV0ZSUyOCUyN2RhdGEtZmFuY3lib3glMjclMkMlMjAlMjclMjclMjklM0IlMEElMDklMEElMDllbGVtLnNldEF0dHJpYnV0ZSUyOCUyN2RhdGEtc3JjJTI3JTJDJTIwJTI3aHR0cHMlM0ElMkYlMkZ3d3cueW91dHViZS5jb20lMkZ3YXRjaCUzRnYlM0RtVEVGalhyNmc5dyUyNyUyOSUzQiUwQSU3RCUyOSUzQiUyMCUzQyUyRnNjcmlwdCUzRQ==[\/vc_raw_js]<div class=\"clearboth\"><\/div><style>#thegem-divider-69d489484d06a {margin-top: 75px !important;}<\/style><div id=\"thegem-divider-69d489484d06a\" class=\"gem-divider  \" style=\"\" ><\/div>[\/vc_column][vc_column width=&#8221;3\/5&#8243; css=&#8221;.vc_custom_1692995328311{background-color: #2a3a97 !important;}&#8221;]<div class=\"clearboth\"><\/div><style>#thegem-divider-69d489484d081 {margin-top: 100px !important;}<\/style><div id=\"thegem-divider-69d489484d081\" class=\"gem-divider  \" style=\"\" ><\/div>[vc_column_text css=&#8221;.vc_custom_1694728362255{padding-right: 50px !important;padding-left: 75px !important;}&#8221;]<\/p>\n<div class=\"title-h2\"><span style=\"color: #ffffff;\">T\u00c9MOIGNAGE<\/span><\/div>\n<p>[\/vc_column_text]<div class=\"clearboth\"><\/div><style>#thegem-divider-69d489484d097 {margin-top: 35px !important;}<\/style><div id=\"thegem-divider-69d489484d097\" class=\"gem-divider  \" style=\"\" ><\/div>[vc_column_text css=&#8221;.vc_custom_1692995350702{padding-right: 15px !important;padding-left: 75px !important;}&#8221;]<strong><span style=\"color: #ffffff;\">David Hamel, Clermond Hamel <\/span><\/strong>[\/vc_column_text]<div class=\"clearboth\"><\/div><style>#thegem-divider-69d489484d0ac {margin-top: 100px !important;}<\/style><div id=\"thegem-divider-69d489484d0ac\" class=\"gem-divider  \" style=\"\" ><\/div>[\/vc_column][\/vc_row][\/vc_section][vc_section full_width=&#8221;stretch_row_content&#8221; css=&#8221;.vc_custom_1692996822666{margin-top: 0px !important;border-top-width: 0px !important;padding-top: 0px !important;}&#8221;][vc_row full_width=&#8221;stretch_row_content_no_spaces&#8221; equal_height=&#8221;yes&#8221;][vc_column width=&#8221;2\/3&#8243; background_position_desktop=&#8221;center center&#8221; css=&#8221;.vc_custom_1693427308679{padding-left: 40px !important;background-position: center !important;background-repeat: no-repeat !important;background-size: cover !important;}&#8221;]<div class=\"clearboth\"><\/div><style>#thegem-divider-69d489484d0c1 {margin-top: 75px !important;}<\/style><div id=\"thegem-divider-69d489484d0c1\" class=\"gem-divider  \" style=\"\" ><\/div>[vc_column_text css=&#8221;.vc_custom_1694728857911{padding-left: 40px !important;}&#8221;]<\/p>\n<div class=\"title-h2\"><span style=\"letter-spacing: 0.05em;\">un service de surveillance<br \/>\net d\u2019optimisaton des<br \/>\ns\u00e9choirs \u00e0 bois\u00a0<\/span><\/div>\n<div><\/div>\n<p>[\/vc_column_text][vc_column_text css=&#8221;.vc_custom_1694728733160{padding-left: 40px !important;}&#8221;]<\/p>\n<h6><strong>Objectif du service:<\/strong><\/h6>\n<ul>\n<li><strong>Maintenir la qualit\u00e9 des produits<\/strong><\/li>\n<li><strong>Am\u00e9liorer la productivit\u00e9 du s\u00e9choir<\/strong><\/li>\n<li><strong>Fournir un acc\u00e8s rapide et facile aux experts en processus de s\u00e9chage du bois<\/strong><\/li>\n<li><strong>Assistance aux op\u00e9rateurs de s\u00e9choir<\/strong><\/li>\n<\/ul>\n<p>[\/vc_column_text]<div class=\"clearboth\"><\/div><style>#thegem-divider-69d489484d0d5 {margin-top: 50px !important;}<\/style><div id=\"thegem-divider-69d489484d0d5\" class=\"gem-divider  \" style=\"\" ><\/div>[vc_tta_accordion style=&#8221;flat&#8221; color=&#8221;blue&#8221; active_section=&#8221;1&#8243; css=&#8221;.vc_custom_1694113107108{padding-right: 70px !important;padding-left: 40px !important;}&#8221;][vc_tta_section title=&#8221;Surveillance du proc\u00e9d\u00e9 et d\u00e9tection d\u2019anomalies&#8221; tab_id=&#8221;1694112259979-e28f9616-cf7e&#8221;][vc_column_text]Chez Algorex, nous avons d\u00e9velopp\u00e9 pr\u00e8s d\u2019une centaine d\u2019algorithmes qui surveillent les signaux de vos s\u00e9choirs 24\/7. Gr\u00e2ce \u00e0 ces algorithmes, nous sommes capables de vous pr\u00e9venir d\u00e8s que votre proc\u00e9d\u00e9 de s\u00e9chage n\u2019op\u00e8re pas selon des param\u00e8tres optimaux. En plus de ces algorithmes, nous poss\u00e9dons une \u00e9quipe d\u2019analystes et d\u2019experts en s\u00e9chage qui v\u00e9rifient vos donn\u00e9es plusieurs fois par jour pour d\u00e9celer tout indice d\u2019un probl\u00e8me au niveau de votre proc\u00e9d\u00e9. Une anomalie peut \u00eatre un bris de capteur, un mauvais programme de s\u00e9chage, un d\u00e9faut de circulation d\u2019air (\u00e9vent\/ventilation), un probl\u00e8me de pression de vapeur ou autre. Notre \u00e9quipe vous soutient afin de vous assurer d\u2019un maximum de productivit\u00e9 et de qualit\u00e9 dans vos op\u00e9rations de s\u00e9chage.<\/p>\n<p>Notre \u00e9quipe a \u00e9galement d\u00e9velopp\u00e9 une s\u00e9rie d\u2019indicateurs-cl\u00e9s novateurs sur la productivit\u00e9 et la qualit\u00e9 des s\u00e9choirs. Ces indicateurs permettent d\u2019effectuer la surveillance, mais \u00e9galement de suivre des tendances et de vous pr\u00e9senter l\u2019\u00e9volution de votre performance dans des rapports hebdomadaires et trimestriels.<\/p>\n<p>Bref, notre raison d\u2019\u00eatre est de vous accompagner avec une technologie de pointe et une expertise en s\u00e9chage de calibre mondial pour vous permettre d\u2019\u00eatre en contr\u00f4le de votre proc\u00e9d\u00e9, et ce, en tout temps.[\/vc_column_text][\/vc_tta_section][vc_tta_section title=&#8221;Diagnostic et optimisation par les experts en s\u00e9chage&#8221; tab_id=&#8221;1694112259954-3a44dfea-74a0&#8243;][vc_column_text]Chez Algorex, nous avons la chance de compter sur un partenariat tr\u00e8s solide avec FPInnovations. Ce partenariat nous permet d\u2019avoir acc\u00e8s \u00e0 des experts de niveau mondial en s\u00e9chage de bois. C\u2019est ainsi que lorsque vous avez des demandes sp\u00e9cifiques (c\u00e9dule de s\u00e9chage sp\u00e9ciale, achat d\u2019un nouvel \u00e9quipement, probl\u00e8mes complexes, logistique de chargement, etc.) nous pouvons vous supporter et vous amener \u00e0 un niveau sup\u00e9rieur de performance pour le proc\u00e9d\u00e9 de s\u00e9chage.<\/p>\n<p>Cette proximit\u00e9 de nos experts am\u00e8ne une compr\u00e9hension profonde de vos op\u00e9rations et leur permet d\u2019\u00e9laborer des recommandations tr\u00e8s sp\u00e9cifiques \u00e0 votre mode d\u2019op\u00e9ration. Cet acc\u00e8s privil\u00e9gi\u00e9 est \u00e9galement un outil puissant de formation continue pour vos op\u00e9rateurs et superviseurs, ils peuvent consulter nos experts lors de d\u00e9cision critique et avoir une paix d\u2019esprit.[\/vc_column_text][\/vc_tta_section][\/vc_tta_accordion]<div class=\"clearboth\"><\/div><style>#thegem-divider-69d489484d0e8 {margin-top: 90px !important;}<\/style><div id=\"thegem-divider-69d489484d0e8\" class=\"gem-divider  \" style=\"\" ><\/div>[vc_column_text]<\/p>\n<h3 style=\"text-align: center;\"><span style=\"color: #2a3a97;\">Contactez-nous<\/span><\/h3>\n<p>[\/vc_column_text][vc_column_text]<\/p>\n<p style=\"text-align: center;\">Pour plus d\u2019informations sur nous, l\u2019un de nos projets ou notre site Web, veuillez nous contacter :<\/p>\n<p>[\/vc_column_text]<style type=\"text\/css\">.thegem-button-69d489484d27e8609 .gem-button svg {fill: #ffffff;}.thegem-button-69d489484d27e8609 .gem-button:hover svg {fill: #2a3a97;}<\/style><div class=\"gem-button-container gem-button-position-center thegem-button-69d489484d27e8609    \"  ><a class=\"gem-button gem-button-size-large gem-button-style-flat gem-button-text-weight-normal gem-button-icon-position-left\" data-ll-effect=\"drop-right-without-wrap\" style=\"border-radius: 5px;background-color: #2a3a97;color: #ffffff;\" onmouseleave=\"this.style.backgroundColor='#2a3a97';this.style.color='#ffffff';\" onmouseenter=\"this.style.backgroundColor='#ffffff';this.style.color='#2a3a97';\" href=\"mailto:francis.charette@algorex.ca\" target=\"_self\"><i class=\"gem-print-icon gem-icon-pack-material \">&#xf2af;<\/i>Algorex<\/a><\/div> <div class=\"clearboth\"><\/div><style>#thegem-divider-69d489484d2f9 {margin-top: 110px !important;}<\/style><div id=\"thegem-divider-69d489484d2f9\" class=\"gem-divider  \" style=\"\" ><\/div>[\/vc_column][vc_column width=&#8221;1\/3&#8243; css=&#8221;.vc_custom_1693427697742{background-image: url(https:\/\/web.algorex.ca\/wp-content\/uploads\/2022\/12\/MicrosoftTeams-image-4-scaled.jpg?id=25589) !important;background-position: center !important;background-repeat: no-repeat !important;background-size: cover !important;}&#8221;][\/vc_column][\/vc_row][\/vc_section]<\/p>\n<\/div>","protected":false},"excerpt":{"rendered":"<p>[vc_section full_width=&#8221;stretch_row_content&#8221; full_height=&#8221;yes&#8221; content_placement=&#8221;top&#8221; css=&#8221;.vc_custom_1692996853930{padding-top: 0px !important;background-color: #e8e8e8 !important;}&#8221;][vc_row full_width=&#8221;stretch_row_content_no_spaces&#8221; equal_height=&#8221;yes&#8221;][vc_column width=&#8221;2\/3&#8243;][vc_column_text css=&#8221;.vc_custom_1692993869177{padding-right: 50px !important;padding-left: 75px !important;}&#8221;] KMS 360 [\/vc_column_text][vc_column_text&#8230;<\/p>\n","protected":false},"author":2,"featured_media":25826,"parent":0,"menu_order":0,"comment_status":"closed","ping_status":"closed","template":"","meta":{"footnotes":""},"class_list":["post-26234","page","type-page","status-publish","has-post-thumbnail"],"yoast_head":"<!-- This site is optimized with the Yoast SEO plugin v26.3 - https:\/\/yoast.com\/wordpress\/plugins\/seo\/ -->\r\n<title>KMS 360 Fr -<\/title>\r\n<meta name=\"description\" content=\"Surveillez le s\u00e9chage du bois avec notre solution de surveillance avanc\u00e9e. D\u00e9tectez les anomalies de votre processus et obtenez des r\u00e9sultats de qualit\u00e9\" \/>\r\n<meta name=\"robots\" content=\"index, follow, max-snippet:-1, max-image-preview:large, max-video-preview:-1\" \/>\r\n<link rel=\"canonical\" href=\"https:\/\/web.algorex.ca\/index.php\/kms-360-optimisation-du-sechage-du-bois\/\" \/>\r\n<meta property=\"og:locale\" content=\"en_US\" \/>\r\n<meta property=\"og:type\" content=\"article\" \/>\r\n<meta property=\"og:title\" content=\"KMS 360 Fr -\" \/>\r\n<meta property=\"og:description\" content=\"Surveillez le s\u00e9chage du bois avec notre solution de surveillance avanc\u00e9e. D\u00e9tectez les anomalies de votre processus et obtenez des r\u00e9sultats de qualit\u00e9\" \/>\r\n<meta property=\"og:url\" content=\"https:\/\/web.algorex.ca\/index.php\/kms-360-optimisation-du-sechage-du-bois\/\" \/>\r\n<meta property=\"article:modified_time\" content=\"2024-05-09T13:08:21+00:00\" \/>\r\n<meta property=\"og:image\" content=\"https:\/\/web.algorex.ca\/wp-content\/uploads\/2023\/08\/OTN_v03_Moment-e1692994816512.jpg\" \/>\r\n\t<meta property=\"og:image:width\" content=\"1801\" \/>\r\n\t<meta property=\"og:image:height\" content=\"1081\" \/>\r\n\t<meta property=\"og:image:type\" content=\"image\/jpeg\" \/>\r\n<meta name=\"twitter:card\" content=\"summary_large_image\" \/>\r\n<meta name=\"twitter:label1\" content=\"Est. reading time\" \/>\n\t<meta name=\"twitter:data1\" content=\"3 minutes\" \/>\r\n<script type=\"application\/ld+json\" class=\"yoast-schema-graph\">{\"@context\":\"https:\/\/schema.org\",\"@graph\":[{\"@type\":\"WebPage\",\"@id\":\"https:\/\/web.algorex.ca\/index.php\/kms-360-optimisation-du-sechage-du-bois\/\",\"url\":\"https:\/\/web.algorex.ca\/index.php\/kms-360-optimisation-du-sechage-du-bois\/\",\"name\":\"KMS 360 Fr -\",\"isPartOf\":{\"@id\":\"https:\/\/web.algorex.ca\/#website\"},\"primaryImageOfPage\":{\"@id\":\"https:\/\/web.algorex.ca\/index.php\/kms-360-optimisation-du-sechage-du-bois\/#primaryimage\"},\"image\":{\"@id\":\"https:\/\/web.algorex.ca\/index.php\/kms-360-optimisation-du-sechage-du-bois\/#primaryimage\"},\"thumbnailUrl\":\"https:\/\/web.algorex.ca\/wp-content\/uploads\/2023\/08\/OTN_v03_Moment-e1692994816512.jpg\",\"datePublished\":\"2023-09-14T22:02:37+00:00\",\"dateModified\":\"2024-05-09T13:08:21+00:00\",\"description\":\"Surveillez le s\u00e9chage du bois avec notre solution de surveillance avanc\u00e9e. D\u00e9tectez les anomalies de votre processus et obtenez des r\u00e9sultats de qualit\u00e9\",\"breadcrumb\":{\"@id\":\"https:\/\/web.algorex.ca\/index.php\/kms-360-optimisation-du-sechage-du-bois\/#breadcrumb\"},\"inLanguage\":\"en-US\",\"potentialAction\":[{\"@type\":\"ReadAction\",\"target\":[\"https:\/\/web.algorex.ca\/index.php\/kms-360-optimisation-du-sechage-du-bois\/\"]}]},{\"@type\":\"ImageObject\",\"inLanguage\":\"en-US\",\"@id\":\"https:\/\/web.algorex.ca\/index.php\/kms-360-optimisation-du-sechage-du-bois\/#primaryimage\",\"url\":\"https:\/\/web.algorex.ca\/wp-content\/uploads\/2023\/08\/OTN_v03_Moment-e1692994816512.jpg\",\"contentUrl\":\"https:\/\/web.algorex.ca\/wp-content\/uploads\/2023\/08\/OTN_v03_Moment-e1692994816512.jpg\",\"width\":1801,\"height\":1081,\"caption\":\"Person analyzing control screens. Algorex- KMS360 software screens\"},{\"@type\":\"BreadcrumbList\",\"@id\":\"https:\/\/web.algorex.ca\/index.php\/kms-360-optimisation-du-sechage-du-bois\/#breadcrumb\",\"itemListElement\":[{\"@type\":\"ListItem\",\"position\":1,\"name\":\"Home\",\"item\":\"https:\/\/web.algorex.ca\/\"},{\"@type\":\"ListItem\",\"position\":2,\"name\":\"KMS 360 Fr\"}]},{\"@type\":\"WebSite\",\"@id\":\"https:\/\/web.algorex.ca\/#website\",\"url\":\"https:\/\/web.algorex.ca\/\",\"name\":\"https:\/\/web.algorex.ca\/\",\"description\":\"Algorex leverages the wood manufacturing process expertise of FPInnovations and the technological expertise of SPN, who have been providing digital solutions to monitor and optimize heavy industrial assets for decades.\",\"publisher\":{\"@id\":\"https:\/\/web.algorex.ca\/#organization\"},\"potentialAction\":[{\"@type\":\"SearchAction\",\"target\":{\"@type\":\"EntryPoint\",\"urlTemplate\":\"https:\/\/web.algorex.ca\/?s={search_term_string}\"},\"query-input\":{\"@type\":\"PropertyValueSpecification\",\"valueRequired\":true,\"valueName\":\"search_term_string\"}}],\"inLanguage\":\"en-US\"},{\"@type\":\"Organization\",\"@id\":\"https:\/\/web.algorex.ca\/#organization\",\"name\":\"Algorex\",\"url\":\"https:\/\/web.algorex.ca\/\",\"logo\":{\"@type\":\"ImageObject\",\"inLanguage\":\"en-US\",\"@id\":\"https:\/\/web.algorex.ca\/#\/schema\/logo\/image\/\",\"url\":\"https:\/\/web.algorex.ca\/wp-content\/uploads\/2023\/02\/Algorex-e1676398140856.png\",\"contentUrl\":\"https:\/\/web.algorex.ca\/wp-content\/uploads\/2023\/02\/Algorex-e1676398140856.png\",\"width\":2416,\"height\":854,\"caption\":\"Algorex\"},\"image\":{\"@id\":\"https:\/\/web.algorex.ca\/#\/schema\/logo\/image\/\"},\"sameAs\":[\"http:\/\/linkedin.com\/company\/algorex\"]}]}<\/script>\r\n<!-- \/ Yoast SEO plugin. -->","yoast_head_json":{"title":"KMS 360 Fr -","description":"Surveillez le s\u00e9chage du bois avec notre solution de surveillance avanc\u00e9e. D\u00e9tectez les anomalies de votre processus et obtenez des r\u00e9sultats de qualit\u00e9","robots":{"index":"index","follow":"follow","max-snippet":"max-snippet:-1","max-image-preview":"max-image-preview:large","max-video-preview":"max-video-preview:-1"},"canonical":"https:\/\/web.algorex.ca\/index.php\/kms-360-optimisation-du-sechage-du-bois\/","og_locale":"en_US","og_type":"article","og_title":"KMS 360 Fr -","og_description":"Surveillez le s\u00e9chage du bois avec notre solution de surveillance avanc\u00e9e. D\u00e9tectez les anomalies de votre processus et obtenez des r\u00e9sultats de qualit\u00e9","og_url":"https:\/\/web.algorex.ca\/index.php\/kms-360-optimisation-du-sechage-du-bois\/","article_modified_time":"2024-05-09T13:08:21+00:00","og_image":[{"width":1801,"height":1081,"url":"https:\/\/web.algorex.ca\/wp-content\/uploads\/2023\/08\/OTN_v03_Moment-e1692994816512.jpg","type":"image\/jpeg"}],"twitter_card":"summary_large_image","twitter_misc":{"Est. reading time":"3 minutes"},"schema":{"@context":"https:\/\/schema.org","@graph":[{"@type":"WebPage","@id":"https:\/\/web.algorex.ca\/index.php\/kms-360-optimisation-du-sechage-du-bois\/","url":"https:\/\/web.algorex.ca\/index.php\/kms-360-optimisation-du-sechage-du-bois\/","name":"KMS 360 Fr -","isPartOf":{"@id":"https:\/\/web.algorex.ca\/#website"},"primaryImageOfPage":{"@id":"https:\/\/web.algorex.ca\/index.php\/kms-360-optimisation-du-sechage-du-bois\/#primaryimage"},"image":{"@id":"https:\/\/web.algorex.ca\/index.php\/kms-360-optimisation-du-sechage-du-bois\/#primaryimage"},"thumbnailUrl":"https:\/\/web.algorex.ca\/wp-content\/uploads\/2023\/08\/OTN_v03_Moment-e1692994816512.jpg","datePublished":"2023-09-14T22:02:37+00:00","dateModified":"2024-05-09T13:08:21+00:00","description":"Surveillez le s\u00e9chage du bois avec notre solution de surveillance avanc\u00e9e. D\u00e9tectez les anomalies de votre processus et obtenez des r\u00e9sultats de qualit\u00e9","breadcrumb":{"@id":"https:\/\/web.algorex.ca\/index.php\/kms-360-optimisation-du-sechage-du-bois\/#breadcrumb"},"inLanguage":"en-US","potentialAction":[{"@type":"ReadAction","target":["https:\/\/web.algorex.ca\/index.php\/kms-360-optimisation-du-sechage-du-bois\/"]}]},{"@type":"ImageObject","inLanguage":"en-US","@id":"https:\/\/web.algorex.ca\/index.php\/kms-360-optimisation-du-sechage-du-bois\/#primaryimage","url":"https:\/\/web.algorex.ca\/wp-content\/uploads\/2023\/08\/OTN_v03_Moment-e1692994816512.jpg","contentUrl":"https:\/\/web.algorex.ca\/wp-content\/uploads\/2023\/08\/OTN_v03_Moment-e1692994816512.jpg","width":1801,"height":1081,"caption":"Person analyzing control screens. Algorex- KMS360 software screens"},{"@type":"BreadcrumbList","@id":"https:\/\/web.algorex.ca\/index.php\/kms-360-optimisation-du-sechage-du-bois\/#breadcrumb","itemListElement":[{"@type":"ListItem","position":1,"name":"Home","item":"https:\/\/web.algorex.ca\/"},{"@type":"ListItem","position":2,"name":"KMS 360 Fr"}]},{"@type":"WebSite","@id":"https:\/\/web.algorex.ca\/#website","url":"https:\/\/web.algorex.ca\/","name":"https:\/\/web.algorex.ca\/","description":"Algorex leverages the wood manufacturing process expertise of FPInnovations and the technological expertise of SPN, who have been providing digital solutions to monitor and optimize heavy industrial assets for decades.","publisher":{"@id":"https:\/\/web.algorex.ca\/#organization"},"potentialAction":[{"@type":"SearchAction","target":{"@type":"EntryPoint","urlTemplate":"https:\/\/web.algorex.ca\/?s={search_term_string}"},"query-input":{"@type":"PropertyValueSpecification","valueRequired":true,"valueName":"search_term_string"}}],"inLanguage":"en-US"},{"@type":"Organization","@id":"https:\/\/web.algorex.ca\/#organization","name":"Algorex","url":"https:\/\/web.algorex.ca\/","logo":{"@type":"ImageObject","inLanguage":"en-US","@id":"https:\/\/web.algorex.ca\/#\/schema\/logo\/image\/","url":"https:\/\/web.algorex.ca\/wp-content\/uploads\/2023\/02\/Algorex-e1676398140856.png","contentUrl":"https:\/\/web.algorex.ca\/wp-content\/uploads\/2023\/02\/Algorex-e1676398140856.png","width":2416,"height":854,"caption":"Algorex"},"image":{"@id":"https:\/\/web.algorex.ca\/#\/schema\/logo\/image\/"},"sameAs":["http:\/\/linkedin.com\/company\/algorex"]}]}},"_links":{"self":[{"href":"https:\/\/web.algorex.ca\/index.php\/wp-json\/wp\/v2\/pages\/26234","targetHints":{"allow":["GET"]}}],"collection":[{"href":"https:\/\/web.algorex.ca\/index.php\/wp-json\/wp\/v2\/pages"}],"about":[{"href":"https:\/\/web.algorex.ca\/index.php\/wp-json\/wp\/v2\/types\/page"}],"author":[{"embeddable":true,"href":"https:\/\/web.algorex.ca\/index.php\/wp-json\/wp\/v2\/users\/2"}],"replies":[{"embeddable":true,"href":"https:\/\/web.algorex.ca\/index.php\/wp-json\/wp\/v2\/comments?post=26234"}],"version-history":[{"count":4,"href":"https:\/\/web.algorex.ca\/index.php\/wp-json\/wp\/v2\/pages\/26234\/revisions"}],"predecessor-version":[{"id":26329,"href":"https:\/\/web.algorex.ca\/index.php\/wp-json\/wp\/v2\/pages\/26234\/revisions\/26329"}],"wp:featuredmedia":[{"embeddable":true,"href":"https:\/\/web.algorex.ca\/index.php\/wp-json\/wp\/v2\/media\/25826"}],"wp:attachment":[{"href":"https:\/\/web.algorex.ca\/index.php\/wp-json\/wp\/v2\/media?parent=26234"}],"curies":[{"name":"wp","href":"https:\/\/api.w.org\/{rel}","templated":true}]}}