{"id":26224,"date":"2023-09-14T21:38:36","date_gmt":"2023-09-14T21:38:36","guid":{"rendered":"https:\/\/web.algorex.ca\/?page_id=26224"},"modified":"2024-05-09T13:05:50","modified_gmt":"2024-05-09T13:05:50","slug":"blog-fr","status":"publish","type":"page","link":"https:\/\/web.algorex.ca\/index.php\/blog-fr\/","title":{"rendered":"Blog Fr"},"content":{"rendered":"<div class=\"wpb-content-wrapper\"><p>[vc_row el_class=&#8221;new-post-style&#8221; css=&#8221;.vc_custom_1582547355888{margin-bottom: 0px !important;}&#8221; custom_css_code=&#8221;LmJsb2ctc3R5bGUtY29tcGFjdCUyMGFydGljbGUlN0IlMEElMjAlMjAlMjAlMjBiYWNrZ3JvdW5kLWNvbG9yJTNBJTIwdHJhbnNwYXJlbnQlM0IlMEElN0QlMEEuYmxvZy1zdHlsZS1jb21wYWN0JTIwYXJ0aWNsZSUyMC5nZW0tY29tcGFjdC1pdGVtLWNvbnRlbnQlM0FhZnRlciU3QiUwQSUyMCUyMCUyMCUyMGJveC1zaGFkb3clM0ElMjBub25lJTNCJTBBJTdE&#8221;][vc_column]<div id=\"fullwidth-block-69df2ce28a6da\" class=\"fullwidth-block clearfix\"  style=\"background-color: #f0f3f2;padding-top: 50px;padding-bottom: 30px;\"><script type=\"text\/javascript\">if (typeof(gem_fix_fullwidth_position) == \"function\") { gem_fix_fullwidth_position(document.getElementById(\"fullwidth-block-69df2ce28a6da\")); }<\/script><div class=\"fullwidth-block-inner\"><div class=\"container\">[vc_row_inner][vc_column_inner offset=&#8221;vc_hidden-xs&#8221;]<div class=\"clearboth\"><\/div><style>#thegem-divider-69df2ce28a73b {margin-top: 80px !important;}<\/style><div id=\"thegem-divider-69df2ce28a73b\" class=\"gem-divider  \" style=\"\" ><\/div>[\/vc_column_inner][\/vc_row_inner][vc_text_separator title_light=&#8221;1&#8243; title=&#8221;DERNI\u00c8RES NOUVELLES DU BLOG&#8221; style=&#8221;double&#8221; border_width=&#8221;2&#8243; css_animation=&#8221;bottom-to-top&#8221;][vc_row_inner][vc_column_inner offset=&#8221;vc_hidden-xs&#8221;]<div class=\"clearboth\"><\/div><style>#thegem-divider-69df2ce28a768 {margin-top: 105px !important;}<\/style><div id=\"thegem-divider-69df2ce28a768\" class=\"gem-divider  \" style=\"\" ><\/div>[\/vc_column_inner][\/vc_row_inner][vc_row_inner][vc_column_inner width=&#8221;1\/2&#8243;]<div class=\"preloader default-background gem-blog-slider-preloader\"><div class=\"preloader-spin-new\"><\/div><\/div><div class=\"gem-blog-slider gem-blog-slider-style-halfwidth clearfix\"> <article id=\"post-26375\" class=\"no-image clearfix post-26375 post type-post status-publish format-standard has-post-thumbnail category-francais category-uncategorized\"> <div class=\"gem-slider-item-image\"> <a href=\"https:\/\/web.algorex.ca\/index.php\/2025\/01\/16\/le-maillon-faible-de-loptimisation-du-procede-de-sechage-et-comment-y-remedier\/\"><\/a> <\/div> <div class=\"gem-slider-item-overlay\"> <div class=\"gem-compact-item-content\"> <div class=\"post-title\"> <h5 class=\"entry-title reverse-link-color\"><a href=\"https:\/\/web.algorex.ca\/index.php\/2025\/01\/16\/le-maillon-faible-de-loptimisation-du-procede-de-sechage-et-comment-y-remedier\/\" rel=\"bookmark\"><span class=\"light\">Le maillon faible de l\u2019optimisation du proc\u00e9d\u00e9 de s\u00e9chage et comment y rem\u00e9dier<\/span><\/a><\/h5> <\/div> <div class=\"post-text date-color\"> <div class=\"summary\" style=\"color: #99a9b5\"> <p>Le proc\u00e9d\u00e9 de s\u00e9chage du bois a \u00e9volu\u00e9 consid\u00e9rablement dans les derni\u00e8res ann\u00e9es. On n\u2019a qu\u2019\u00e0 penser aux moyens de mesurer et de suivre la mesure de la teneur en humidit\u00e9 (TH), un indicateur important de la qualit\u00e9 du s\u00e9chage. Aujourd\u2019hui, \u00e0 quelques exceptions pr\u00e8s, les usines de rabotage poss\u00e8dent un humidim\u00e8tre en ligne pour mesurer la teneur en humidit\u00e9 de l\u2019ensemble des pi\u00e8ces d\u2019un lot de s\u00e9chage.<\/p> <\/div> <\/div> <\/div> <div class=\"post-meta date-color\"> <div class=\"entry-meta clearfix gem-post-date\"> <div class=\"post-meta-right\"> <\/div> <div class=\"post-meta-left\"> <\/div> <\/div><!-- .entry-meta --> <\/div> <\/div> <\/article><!-- #post-26375 --> <article id=\"post-26351\" class=\"no-image clearfix post-26351 post type-post status-publish format-standard has-post-thumbnail category-francais category-uncategorized\"> <div class=\"gem-slider-item-image\"> <a href=\"https:\/\/web.algorex.ca\/index.php\/2024\/03\/21\/au-dela-du-sechage-par-lots-des-solutions-alternatives-pour-secher-votre-bois-doeuvre\/\"><\/a> <\/div> <div class=\"gem-slider-item-overlay\"> <div class=\"gem-compact-item-content\"> <div class=\"post-title\"> <h5 class=\"entry-title reverse-link-color\"><a href=\"https:\/\/web.algorex.ca\/index.php\/2024\/03\/21\/au-dela-du-sechage-par-lots-des-solutions-alternatives-pour-secher-votre-bois-doeuvre\/\" rel=\"bookmark\"><span class=\"light\">Au-del\u00e0 du s\u00e9chage par lots : des solutions alternatives pour s\u00e9cher votre bois d&#8217;\u0153uvre<\/span><\/a><\/h5> <\/div> <div class=\"post-text date-color\"> <div class=\"summary\" style=\"color: #99a9b5\"> <p>Dans des articles de blogue ant\u00e9rieurs, nous avons discut\u00e9 des motivations \u00e0 la base du s\u00e9chage du bois d&#8217;\u0153uvre et expliqu\u00e9 les approches conventionnelles. Le s\u00e9chage par lots \u2013 la solution \u00e9prouv\u00e9e dans le temps \u2013 reste essentiel pour transformer le bois humide en bois sec. Au cours des derni\u00e8res ann\u00e9es, des efforts continus sont investis dans l&#8217;avancement de technologies alternatives dans le but d&#8217;obtenir un temps de s\u00e9chage plus rapide, une qualit\u00e9 am\u00e9lior\u00e9e et une durabilit\u00e9 accrue. Dans ce blogue, nous sommes ravis de nous plonger dans trois autres solutions de s\u00e9chage \u00e0 la fine pointe de la technologie, et de vous faire d\u00e9couvrir les possibilit\u00e9s que ces technologies modernes peuvent apporter au monde de la transformation du bois d&#8217;\u0153uvre. <\/p> <\/div> <\/div> <\/div> <div class=\"post-meta date-color\"> <div class=\"entry-meta clearfix gem-post-date\"> <div class=\"post-meta-right\"> <\/div> <div class=\"post-meta-left\"> <\/div> <\/div><!-- .entry-meta --> <\/div> <\/div> <\/article><!-- #post-26351 --> <article id=\"post-26323\" class=\"no-image clearfix post-26323 post type-post status-publish format-standard has-post-thumbnail category-francais category-uncategorized\"> <div class=\"gem-slider-item-image\"> <a href=\"https:\/\/web.algorex.ca\/index.php\/2024\/01\/30\/transformation-numerique-et-prise-de-decision\/\"><\/a> <\/div> <div class=\"gem-slider-item-overlay\"> <div class=\"gem-compact-item-content\"> <div class=\"post-title\"> <h5 class=\"entry-title reverse-link-color\"><a href=\"https:\/\/web.algorex.ca\/index.php\/2024\/01\/30\/transformation-numerique-et-prise-de-decision\/\" rel=\"bookmark\"><span class=\"light\">Transformation num\u00e9rique et prise de d\u00e9cision<\/span><\/a><\/h5> <\/div> <div class=\"post-text date-color\"> <div class=\"summary\" style=\"color: #99a9b5\"> <p>La transformation num\u00e9rique est l&#8217;int\u00e9gration des technologies num\u00e9riques pour am\u00e9liorer la productivit\u00e9, l&#8217;efficacit\u00e9 et la prise de d\u00e9cision dans tous les domaines et secteurs d\u2019activit\u00e9s.<\/p> <\/div> <\/div> <\/div> <div class=\"post-meta date-color\"> <div class=\"entry-meta clearfix gem-post-date\"> <div class=\"post-meta-right\"> <\/div> <div class=\"post-meta-left\"> <\/div> <\/div><!-- .entry-meta --> <\/div> <\/div> <\/article><!-- #post-26323 --> <article id=\"post-26306\" class=\"no-image clearfix post-26306 post type-post status-publish format-standard has-post-thumbnail category-francais category-uncategorized\"> <div class=\"gem-slider-item-image\"> <a href=\"https:\/\/web.algorex.ca\/index.php\/2023\/10\/24\/un-tour-dhorizon-sur-le-fonctionnement-dun-sechoir-a-bois-a-air-chaud-climatise\/\"><\/a> <\/div> <div class=\"gem-slider-item-overlay\"> <div class=\"gem-compact-item-content\"> <div class=\"post-title\"> <h5 class=\"entry-title reverse-link-color\"><a href=\"https:\/\/web.algorex.ca\/index.php\/2023\/10\/24\/un-tour-dhorizon-sur-le-fonctionnement-dun-sechoir-a-bois-a-air-chaud-climatise\/\" rel=\"bookmark\"><span class=\"light\">Un tour d\u2019horizon sur le fonctionnement d\u2019un s\u00e9choir \u00e0 bois \u00e0 air chaud climatis\u00e9<\/span><\/a><\/h5> <\/div> <div class=\"post-text date-color\"> <div class=\"summary\" style=\"color: #99a9b5\"> <p>Le bois est un mat\u00e9riau hygroscopique, c\u2019est-\u00e0-dire qu\u2019il \u00e9change de l\u2019eau avec l\u2019air environnant en l\u2019absorbant ou en la d\u00e9sorbant. Cet \u00e9change est r\u00e9gul\u00e9 par les conditions hygrom\u00e9triques de l\u2019air comme la temp\u00e9rature, l\u2019humidit\u00e9 relative et la pression atmosph\u00e9rique. <\/p> <\/div> <\/div> <\/div> <div class=\"post-meta date-color\"> <div class=\"entry-meta clearfix gem-post-date\"> <div class=\"post-meta-right\"> <\/div> <div class=\"post-meta-left\"> <\/div> <\/div><!-- .entry-meta --> <\/div> <\/div> <\/article><!-- #post-26306 --> <article id=\"post-26304\" class=\"no-image clearfix post-26304 post type-post status-publish format-standard has-post-thumbnail category-francais category-uncategorized\"> <div class=\"gem-slider-item-image\"> <a href=\"https:\/\/web.algorex.ca\/index.php\/2023\/10\/16\/pourquoi-faut-il-secher-le-bois\/\"><\/a> <\/div> <div class=\"gem-slider-item-overlay\"> <div class=\"gem-compact-item-content\"> <div class=\"post-title\"> <h5 class=\"entry-title reverse-link-color\"><a href=\"https:\/\/web.algorex.ca\/index.php\/2023\/10\/16\/pourquoi-faut-il-secher-le-bois\/\" rel=\"bookmark\"><span class=\"light\">Pourquoi faut-il s\u00e9cher le bois ?<\/span><\/a><\/h5> <\/div> <div class=\"post-text date-color\"> <div class=\"summary\" style=\"color: #99a9b5\"> <p>Pourquoi faut-il s\u00e9cher le bois ? Pour mieux r\u00e9pondre \u00e0 cette question, le lecteur doit conna\u00eetre les utilisations du bois d\u2019\u0153uvre sec. En creusant un peu, nous allons voir pourquoi il est si important de s\u00e9cher le bois.<\/p> <\/div> <\/div> <\/div> <div class=\"post-meta date-color\"> <div class=\"entry-meta clearfix gem-post-date\"> <div class=\"post-meta-right\"> <\/div> <div class=\"post-meta-left\"> <\/div> <\/div><!-- .entry-meta --> <\/div> <\/div> <\/article><!-- #post-26304 --> <\/div><div class=\"clearboth\"><\/div><style>#thegem-divider-69df2ce29726a {margin-top: 30px !important;}<\/style><div id=\"thegem-divider-69df2ce29726a\" class=\"gem-divider  \" style=\"\" ><\/div>[\/vc_column_inner][vc_column_inner width=&#8221;1\/2&#8243;]<div id=\"style-ae6b22c\" data-style-uid=\"ae6b22c\" class=\"blog blog-style-compact clearfix item-animation-move-up pagination-normal\" data-next-page=\"2\" data-pages-count=\"2\"> <article id=\"post-26375\" class=\"no-image item-animations-not-inited clearfix post-26375 post type-post status-publish format-standard has-post-thumbnail category-francais category-uncategorized\"> <div class=\"gem-compact-item-left\"> <div class=\"gem-compact-item-image\"> <a class=\"default\" href=\"https:\/\/web.algorex.ca\/index.php\/2025\/01\/16\/le-maillon-faible-de-loptimisation-du-procede-de-sechage-et-comment-y-remedier\/\"><\/a> <\/div> <\/div> <div class=\"gem-compact-item-right\"> <div class=\"gem-compact-item-content\"> <div class=\"post-title\"> <h5 class=\"entry-title reverse-link-color\"><a href=\"https:\/\/web.algorex.ca\/index.php\/2025\/01\/16\/le-maillon-faible-de-loptimisation-du-procede-de-sechage-et-comment-y-remedier\/\" rel=\"bookmark\"><span class=\"light\">Le maillon faible de l\u2019optimisation du proc\u00e9d\u00e9 de s\u00e9chage et comment y rem\u00e9dier<\/span><\/a><\/h5> <\/div> <div class=\"post-text\"> <div class=\"summary\"> <p>Le proc\u00e9d\u00e9 de s\u00e9chage du bois a \u00e9volu\u00e9 consid\u00e9rablement dans les derni\u00e8res ann\u00e9es. On n\u2019a qu\u2019\u00e0 penser aux moyens de mesurer et de suivre la mesure de la teneur en humidit\u00e9 (TH), un indicateur important de la qualit\u00e9 du s\u00e9chage. Aujourd\u2019hui, \u00e0 quelques exceptions pr\u00e8s, les usines de rabotage poss\u00e8dent un humidim\u00e8tre en ligne pour mesurer la teneur en humidit\u00e9 de l\u2019ensemble des pi\u00e8ces d\u2019un lot de s\u00e9chage.<\/p> <\/div> <\/div> <\/div> <div class=\"post-meta date-color\"> <div class=\"entry-meta clearfix gem-post-date\"> <div class=\"post-meta-right\"> <\/div> <div class=\"post-meta-left\"> <\/div> <\/div><!-- .entry-meta --> <\/div> <\/div> <\/article><!-- #post-26375 --> <article id=\"post-26351\" class=\"no-image item-animations-not-inited clearfix post-26351 post type-post status-publish format-standard has-post-thumbnail category-francais category-uncategorized\"> <div class=\"gem-compact-item-left\"> <div class=\"gem-compact-item-image\"> <a class=\"default\" href=\"https:\/\/web.algorex.ca\/index.php\/2024\/03\/21\/au-dela-du-sechage-par-lots-des-solutions-alternatives-pour-secher-votre-bois-doeuvre\/\"><\/a> <\/div> <\/div> <div class=\"gem-compact-item-right\"> <div class=\"gem-compact-item-content\"> <div class=\"post-title\"> <h5 class=\"entry-title reverse-link-color\"><a href=\"https:\/\/web.algorex.ca\/index.php\/2024\/03\/21\/au-dela-du-sechage-par-lots-des-solutions-alternatives-pour-secher-votre-bois-doeuvre\/\" rel=\"bookmark\"><span class=\"light\">Au-del\u00e0 du s\u00e9chage par lots : des solutions alternatives pour s\u00e9cher votre bois d&#8217;\u0153uvre<\/span><\/a><\/h5> <\/div> <div class=\"post-text\"> <div class=\"summary\"> <p>Dans des articles de blogue ant\u00e9rieurs, nous avons discut\u00e9 des motivations \u00e0 la base du s\u00e9chage du bois d&#8217;\u0153uvre et expliqu\u00e9 les approches conventionnelles. Le s\u00e9chage par lots \u2013 la solution \u00e9prouv\u00e9e dans le temps \u2013 reste essentiel pour transformer le bois humide en bois sec. Au cours des derni\u00e8res ann\u00e9es, des efforts continus sont investis dans l&#8217;avancement de technologies alternatives dans le but d&#8217;obtenir un temps de s\u00e9chage plus rapide, une qualit\u00e9 am\u00e9lior\u00e9e et une durabilit\u00e9 accrue. Dans ce blogue, nous sommes ravis de nous plonger dans trois autres solutions de s\u00e9chage \u00e0 la fine pointe de la technologie, et de vous faire d\u00e9couvrir les possibilit\u00e9s que ces technologies modernes peuvent apporter au monde de la transformation du bois d&#8217;\u0153uvre. <\/p> <\/div> <\/div> <\/div> <div class=\"post-meta date-color\"> <div class=\"entry-meta clearfix gem-post-date\"> <div class=\"post-meta-right\"> <\/div> <div class=\"post-meta-left\"> <\/div> <\/div><!-- .entry-meta --> <\/div> <\/div> <\/article><!-- #post-26351 --> <article id=\"post-26323\" class=\"no-image item-animations-not-inited clearfix post-26323 post type-post status-publish format-standard has-post-thumbnail category-francais category-uncategorized\"> <div class=\"gem-compact-item-left\"> <div class=\"gem-compact-item-image\"> <a class=\"default\" href=\"https:\/\/web.algorex.ca\/index.php\/2024\/01\/30\/transformation-numerique-et-prise-de-decision\/\"><\/a> <\/div> <\/div> <div class=\"gem-compact-item-right\"> <div class=\"gem-compact-item-content\"> <div class=\"post-title\"> <h5 class=\"entry-title reverse-link-color\"><a href=\"https:\/\/web.algorex.ca\/index.php\/2024\/01\/30\/transformation-numerique-et-prise-de-decision\/\" rel=\"bookmark\"><span class=\"light\">Transformation num\u00e9rique et prise de d\u00e9cision<\/span><\/a><\/h5> <\/div> <div class=\"post-text\"> <div class=\"summary\"> <p>La transformation num\u00e9rique est l&#8217;int\u00e9gration des technologies num\u00e9riques pour am\u00e9liorer la productivit\u00e9, l&#8217;efficacit\u00e9 et la prise de d\u00e9cision dans tous les domaines et secteurs d\u2019activit\u00e9s.<\/p> <\/div> <\/div> <\/div> <div class=\"post-meta date-color\"> <div class=\"entry-meta clearfix gem-post-date\"> <div class=\"post-meta-right\"> <\/div> <div class=\"post-meta-left\"> <\/div> <\/div><!-- .entry-meta --> <\/div> <\/div> <\/article><!-- #post-26323 --> <\/div>\t<div class=\"gem-pagination\"><div class=\"gem-pagination-links\"> <span aria-current=\"page\" class=\"page-numbers current\">1<\/span>\n<a class=\"page-numbers\" href=\"https:\/\/web.algorex.ca\/index.php\/wp-json\/wp\/v2\/pages\/26224\/page\/2\/\">2<\/a>\n<a class=\"next page-numbers\" href=\"https:\/\/web.algorex.ca\/index.php\/wp-json\/wp\/v2\/pages\/26224\/page\/2\/\"><\/a>\t<\/div><\/div><!-- .pagination --><div class=\"clearboth\"><\/div><style>#thegem-divider-69df2ce299c45 {margin-top: 30px !important;}<\/style><div id=\"thegem-divider-69df2ce299c45\" class=\"gem-divider  \" style=\"\" ><\/div>[\/vc_column_inner][vc_column_inner]<div class=\"clearboth\"><\/div><style>#thegem-divider-69df2ce299c66 {margin-top: 30px !important;}<\/style><div id=\"thegem-divider-69df2ce299c66\" class=\"gem-divider  \" style=\"\" ><\/div>[\/vc_column_inner][\/vc_row_inner]<\/div><\/div><\/div>[\/vc_column][\/vc_row]<\/p>\n<\/div>","protected":false},"excerpt":{"rendered":"<p>[vc_row el_class=&#8221;new-post-style&#8221; css=&#8221;.vc_custom_1582547355888{margin-bottom: 0px !important;}&#8221; custom_css_code=&#8221;LmJsb2ctc3R5bGUtY29tcGFjdCUyMGFydGljbGUlN0IlMEElMjAlMjAlMjAlMjBiYWNrZ3JvdW5kLWNvbG9yJTNBJTIwdHJhbnNwYXJlbnQlM0IlMEElN0QlMEEuYmxvZy1zdHlsZS1jb21wYWN0JTIwYXJ0aWNsZSUyMC5nZW0tY29tcGFjdC1pdGVtLWNvbnRlbnQlM0FhZnRlciU3QiUwQSUyMCUyMCUyMCUyMGJveC1zaGFkb3clM0ElMjBub25lJTNCJTBBJTdE&#8221;][vc_column][\/vc_column][\/vc_row]<\/p>\n","protected":false},"author":2,"featured_media":0,"parent":0,"menu_order":0,"comment_status":"closed","ping_status":"closed","template":"","meta":{"footnotes":""},"class_list":["post-26224","page","type-page","status-publish"],"yoast_head":"<!-- This site is optimized with the Yoast SEO plugin v26.3 - https:\/\/yoast.com\/wordpress\/plugins\/seo\/ -->\r\n<title>Blog Fr -<\/title>\r\n<meta name=\"description\" content=\"Discover the latest digital innovation trends at our forest industry events. Stay ahead of the competition and revolutionize your business\" \/>\r\n<meta name=\"robots\" content=\"index, follow, max-snippet:-1, max-image-preview:large, max-video-preview:-1\" \/>\r\n<link rel=\"canonical\" href=\"https:\/\/web.algorex.ca\/index.php\/blog-fr\/\" \/>\r\n<meta property=\"og:locale\" content=\"en_US\" \/>\r\n<meta property=\"og:type\" content=\"article\" \/>\r\n<meta property=\"og:title\" content=\"Blog Fr -\" \/>\r\n<meta property=\"og:description\" content=\"Discover the latest digital innovation trends at our forest industry events. Stay ahead of the competition and revolutionize your business\" \/>\r\n<meta property=\"og:url\" content=\"https:\/\/web.algorex.ca\/index.php\/blog-fr\/\" \/>\r\n<meta property=\"article:modified_time\" content=\"2024-05-09T13:05:50+00:00\" \/>\r\n<meta name=\"twitter:card\" content=\"summary_large_image\" \/>\r\n<meta name=\"twitter:label1\" content=\"Est. reading time\" \/>\n\t<meta name=\"twitter:data1\" content=\"1 minute\" \/>\r\n<script type=\"application\/ld+json\" class=\"yoast-schema-graph\">{\"@context\":\"https:\/\/schema.org\",\"@graph\":[{\"@type\":\"WebPage\",\"@id\":\"https:\/\/web.algorex.ca\/index.php\/blog-fr\/\",\"url\":\"https:\/\/web.algorex.ca\/index.php\/blog-fr\/\",\"name\":\"Blog Fr -\",\"isPartOf\":{\"@id\":\"https:\/\/web.algorex.ca\/#website\"},\"datePublished\":\"2023-09-14T21:38:36+00:00\",\"dateModified\":\"2024-05-09T13:05:50+00:00\",\"description\":\"Discover the latest digital innovation trends at our forest industry events. Stay ahead of the competition and revolutionize your business\",\"breadcrumb\":{\"@id\":\"https:\/\/web.algorex.ca\/index.php\/blog-fr\/#breadcrumb\"},\"inLanguage\":\"en-US\",\"potentialAction\":[{\"@type\":\"ReadAction\",\"target\":[\"https:\/\/web.algorex.ca\/index.php\/blog-fr\/\"]}]},{\"@type\":\"BreadcrumbList\",\"@id\":\"https:\/\/web.algorex.ca\/index.php\/blog-fr\/#breadcrumb\",\"itemListElement\":[{\"@type\":\"ListItem\",\"position\":1,\"name\":\"Home\",\"item\":\"https:\/\/web.algorex.ca\/\"},{\"@type\":\"ListItem\",\"position\":2,\"name\":\"Blog Fr\"}]},{\"@type\":\"WebSite\",\"@id\":\"https:\/\/web.algorex.ca\/#website\",\"url\":\"https:\/\/web.algorex.ca\/\",\"name\":\"https:\/\/web.algorex.ca\/\",\"description\":\"Algorex leverages the wood manufacturing process expertise of FPInnovations and the technological expertise of SPN, who have been providing digital solutions to monitor and optimize heavy industrial assets for decades.\",\"publisher\":{\"@id\":\"https:\/\/web.algorex.ca\/#organization\"},\"potentialAction\":[{\"@type\":\"SearchAction\",\"target\":{\"@type\":\"EntryPoint\",\"urlTemplate\":\"https:\/\/web.algorex.ca\/?s={search_term_string}\"},\"query-input\":{\"@type\":\"PropertyValueSpecification\",\"valueRequired\":true,\"valueName\":\"search_term_string\"}}],\"inLanguage\":\"en-US\"},{\"@type\":\"Organization\",\"@id\":\"https:\/\/web.algorex.ca\/#organization\",\"name\":\"Algorex\",\"url\":\"https:\/\/web.algorex.ca\/\",\"logo\":{\"@type\":\"ImageObject\",\"inLanguage\":\"en-US\",\"@id\":\"https:\/\/web.algorex.ca\/#\/schema\/logo\/image\/\",\"url\":\"https:\/\/web.algorex.ca\/wp-content\/uploads\/2023\/02\/Algorex-e1676398140856.png\",\"contentUrl\":\"https:\/\/web.algorex.ca\/wp-content\/uploads\/2023\/02\/Algorex-e1676398140856.png\",\"width\":2416,\"height\":854,\"caption\":\"Algorex\"},\"image\":{\"@id\":\"https:\/\/web.algorex.ca\/#\/schema\/logo\/image\/\"},\"sameAs\":[\"http:\/\/linkedin.com\/company\/algorex\"]}]}<\/script>\r\n<!-- \/ Yoast SEO plugin. -->","yoast_head_json":{"title":"Blog Fr -","description":"Discover the latest digital innovation trends at our forest industry events. Stay ahead of the competition and revolutionize your business","robots":{"index":"index","follow":"follow","max-snippet":"max-snippet:-1","max-image-preview":"max-image-preview:large","max-video-preview":"max-video-preview:-1"},"canonical":"https:\/\/web.algorex.ca\/index.php\/blog-fr\/","og_locale":"en_US","og_type":"article","og_title":"Blog Fr -","og_description":"Discover the latest digital innovation trends at our forest industry events. Stay ahead of the competition and revolutionize your business","og_url":"https:\/\/web.algorex.ca\/index.php\/blog-fr\/","article_modified_time":"2024-05-09T13:05:50+00:00","twitter_card":"summary_large_image","twitter_misc":{"Est. reading time":"1 minute"},"schema":{"@context":"https:\/\/schema.org","@graph":[{"@type":"WebPage","@id":"https:\/\/web.algorex.ca\/index.php\/blog-fr\/","url":"https:\/\/web.algorex.ca\/index.php\/blog-fr\/","name":"Blog Fr -","isPartOf":{"@id":"https:\/\/web.algorex.ca\/#website"},"datePublished":"2023-09-14T21:38:36+00:00","dateModified":"2024-05-09T13:05:50+00:00","description":"Discover the latest digital innovation trends at our forest industry events. Stay ahead of the competition and revolutionize your business","breadcrumb":{"@id":"https:\/\/web.algorex.ca\/index.php\/blog-fr\/#breadcrumb"},"inLanguage":"en-US","potentialAction":[{"@type":"ReadAction","target":["https:\/\/web.algorex.ca\/index.php\/blog-fr\/"]}]},{"@type":"BreadcrumbList","@id":"https:\/\/web.algorex.ca\/index.php\/blog-fr\/#breadcrumb","itemListElement":[{"@type":"ListItem","position":1,"name":"Home","item":"https:\/\/web.algorex.ca\/"},{"@type":"ListItem","position":2,"name":"Blog Fr"}]},{"@type":"WebSite","@id":"https:\/\/web.algorex.ca\/#website","url":"https:\/\/web.algorex.ca\/","name":"https:\/\/web.algorex.ca\/","description":"Algorex leverages the wood manufacturing process expertise of FPInnovations and the technological expertise of SPN, who have been providing digital solutions to monitor and optimize heavy industrial assets for decades.","publisher":{"@id":"https:\/\/web.algorex.ca\/#organization"},"potentialAction":[{"@type":"SearchAction","target":{"@type":"EntryPoint","urlTemplate":"https:\/\/web.algorex.ca\/?s={search_term_string}"},"query-input":{"@type":"PropertyValueSpecification","valueRequired":true,"valueName":"search_term_string"}}],"inLanguage":"en-US"},{"@type":"Organization","@id":"https:\/\/web.algorex.ca\/#organization","name":"Algorex","url":"https:\/\/web.algorex.ca\/","logo":{"@type":"ImageObject","inLanguage":"en-US","@id":"https:\/\/web.algorex.ca\/#\/schema\/logo\/image\/","url":"https:\/\/web.algorex.ca\/wp-content\/uploads\/2023\/02\/Algorex-e1676398140856.png","contentUrl":"https:\/\/web.algorex.ca\/wp-content\/uploads\/2023\/02\/Algorex-e1676398140856.png","width":2416,"height":854,"caption":"Algorex"},"image":{"@id":"https:\/\/web.algorex.ca\/#\/schema\/logo\/image\/"},"sameAs":["http:\/\/linkedin.com\/company\/algorex"]}]}},"_links":{"self":[{"href":"https:\/\/web.algorex.ca\/index.php\/wp-json\/wp\/v2\/pages\/26224","targetHints":{"allow":["GET"]}}],"collection":[{"href":"https:\/\/web.algorex.ca\/index.php\/wp-json\/wp\/v2\/pages"}],"about":[{"href":"https:\/\/web.algorex.ca\/index.php\/wp-json\/wp\/v2\/types\/page"}],"author":[{"embeddable":true,"href":"https:\/\/web.algorex.ca\/index.php\/wp-json\/wp\/v2\/users\/2"}],"replies":[{"embeddable":true,"href":"https:\/\/web.algorex.ca\/index.php\/wp-json\/wp\/v2\/comments?post=26224"}],"version-history":[{"count":6,"href":"https:\/\/web.algorex.ca\/index.php\/wp-json\/wp\/v2\/pages\/26224\/revisions"}],"predecessor-version":[{"id":26292,"href":"https:\/\/web.algorex.ca\/index.php\/wp-json\/wp\/v2\/pages\/26224\/revisions\/26292"}],"wp:attachment":[{"href":"https:\/\/web.algorex.ca\/index.php\/wp-json\/wp\/v2\/media?parent=26224"}],"curies":[{"name":"wp","href":"https:\/\/api.w.org\/{rel}","templated":true}]}}